{"id":1703,"date":"2021-04-15T16:18:02","date_gmt":"2021-04-15T14:18:02","guid":{"rendered":"http:\/\/spa-boucledor.fr\/?page_id=1703"},"modified":"2021-05-06T12:03:57","modified_gmt":"2021-05-06T10:03:57","slug":"conditions-generales-de-vente","status":"publish","type":"page","link":"https:\/\/spa-boucledor.fr\/index.php\/conditions-generales-de-vente\/","title":{"rendered":"Conditions g\u00e9n\u00e9rales de vente"},"content":{"rendered":"\n<p><strong>Article 1<\/strong>&nbsp;Paiement<\/p>\n\n\n\n<p>Les paiements se font en ligne par carte bancaire et sont enti\u00e8rement s\u00e9curis\u00e9s&nbsp;gr\u00e2ce \u00e0 la plateforme&nbsp;<strong>Stripe<\/strong>. Ils peuvent \u00eatre \u00e9galement r\u00e9aliser \u00e0 l&rsquo;aide de <strong>Google Pay<\/strong> si c&rsquo;est votre choix.<br>La date de validation de la commande correspond \u00e0 la date de paiement par carte bancaire en ligne.<\/p>\n\n\n\n<p><strong>Article 2<\/strong>&nbsp;Modalit\u00e9s de livraison<\/p>\n\n\n\n<p>Les ch\u00e8ques cadeaux sont directement t\u00e9l\u00e9chargeables sur le site. Ils doivent \u00eatre imprim\u00e9s et la personne de votre choix devra pr\u00e9senter le bon cadeau au salon pour les soins.<\/p>\n\n\n\n<p><\/p>\n","protected":false},"excerpt":{"rendered":"<p>Article 1&nbsp;Paiement Les paiements se font en ligne par carte bancaire et sont enti\u00e8rement s\u00e9curis\u00e9s&nbsp;gr\u00e2ce \u00e0 la plateforme&nbsp;Stripe. Ils peuvent \u00eatre \u00e9galement r\u00e9aliser \u00e0 l&rsquo;aide de Google Pay si c&rsquo;est votre choix.La date de validation de la commande correspond \u00e0 la date de paiement par carte bancaire en ligne. Article 2&nbsp;Modalit\u00e9s de livraison Les ch\u00e8ques&#8230;<\/p>\n","protected":false},"author":1,"featured_media":0,"parent":0,"menu_order":0,"comment_status":"closed","ping_status":"closed","template":"","meta":{"spay_email":""},"_links":{"self":[{"href":"https:\/\/spa-boucledor.fr\/index.php\/wp-json\/wp\/v2\/pages\/1703"}],"collection":[{"href":"https:\/\/spa-boucledor.fr\/index.php\/wp-json\/wp\/v2\/pages"}],"about":[{"href":"https:\/\/spa-boucledor.fr\/index.php\/wp-json\/wp\/v2\/types\/page"}],"author":[{"embeddable":true,"href":"https:\/\/spa-boucledor.fr\/index.php\/wp-json\/wp\/v2\/users\/1"}],"replies":[{"embeddable":true,"href":"https:\/\/spa-boucledor.fr\/index.php\/wp-json\/wp\/v2\/comments?post=1703"}],"version-history":[{"count":8,"href":"https:\/\/spa-boucledor.fr\/index.php\/wp-json\/wp\/v2\/pages\/1703\/revisions"}],"predecessor-version":[{"id":1890,"href":"https:\/\/spa-boucledor.fr\/index.php\/wp-json\/wp\/v2\/pages\/1703\/revisions\/1890"}],"wp:attachment":[{"href":"https:\/\/spa-boucledor.fr\/index.php\/wp-json\/wp\/v2\/media?parent=1703"}],"curies":[{"name":"wp","href":"https:\/\/api.w.org\/{rel}","templated":true}]}}